{"id":23,"date":"2025-10-19T05:21:44","date_gmt":"2025-10-19T05:21:44","guid":{"rendered":"https:\/\/erasmuslaarte.eu\/?page_id=23"},"modified":"2025-10-19T09:13:11","modified_gmt":"2025-10-19T09:13:11","slug":"contact","status":"publish","type":"page","link":"https:\/\/erasmuslaarte.eu\/?page_id=23","title":{"rendered":"Contact"},"content":{"rendered":"\n<p>Liceul de Arte \u201cSigismund Todu\u021b\u0103\u201d din Deva este deschis c\u0103tre dialog, colaborare \u0219i ini\u021biative care aduc educa\u021bia artistic\u0103 mai aproape de Europa. Pentru orice \u00eentrebare legat\u0103 de proiectele Erasmus+, selec\u021bii, mobilit\u0103\u021bi sau parteneriate interna\u021bionale, ne pute\u021bi contacta folosind datele de mai jos.<\/p>\n\n\n\n<p>Ne g\u0103si\u021bi pe Strada Titu Maiorescu nr. 30, Deva, jude\u021bul Hunedoara. Telefonic, ne pute\u021bi apela la 0254 218 030, iar pentru coresponden\u021b\u0103 electronic\u0103, adresa noastr\u0103 este office@artereva.ro.<\/p>\n\n\n\n<p>Coordonarea proiectelor Erasmus+ este realizat\u0103 de o echip\u0103 dedicat\u0103, format\u0103 din profesori care cred \u00een educa\u021bia prin experien\u021b\u0103, \u00een deschiderea cultural\u0103 \u0219i \u00een puterea transformatoare a mobilit\u0103\u021bilor interna\u021bionale. Echipa este alc\u0103tuit\u0103 din:<\/p>\n\n\n\n<p>Prof. Valentin Borca, responsabilul proiectelor Erasmus+;<br>Prof. Luiza D\u0103nu\u021b, membru;<br>Prof. Daniel-\u0218tefan Boc\u0219e, membru;<\/p>\n\n\n\n<p>\u00cempreun\u0103, aceast\u0103 echip\u0103 construie\u0219te pun\u021bi \u00eentre liceul nostru \u0219i Europa, \u00eentre elevi \u0219i viitorul lor artistic. V\u0103 invit\u0103m s\u0103 ne scrie\u021bi, s\u0103 ne \u00eentreba\u021bi, s\u0103 ne propune\u021bi. Erasmus+ este despre \u00eent\u00e2lnire, iar fiecare mesaj poate fi \u00eenceputul unei colabor\u0103ri.<\/p>\n","protected":false},"excerpt":{"rendered":"<p>Liceul de Arte \u201cSigismund Todu\u021b\u0103\u201d din Deva este deschis c\u0103tre dialog, colaborare \u0219i ini\u021biative care aduc educa\u021bia artistic\u0103 mai aproape de Europa. Pentru orice \u00eentrebare legat\u0103 de proiectele Erasmus+, selec\u021bii, mobilit\u0103\u021bi sau parteneriate interna\u021bionale, ne pute\u021bi contacta folosind datele de mai jos. Ne g\u0103si\u021bi pe Strada Titu Maiorescu nr. 30, Deva, jude\u021bul Hunedoara. Telefonic, ne [&hellip;]<\/p>\n","protected":false},"author":1,"featured_media":0,"parent":0,"menu_order":0,"comment_status":"closed","ping_status":"closed","template":"","meta":{"footnotes":""},"class_list":["post-23","page","type-page","status-publish","hentry"],"_links":{"self":[{"href":"https:\/\/erasmuslaarte.eu\/index.php?rest_route=\/wp\/v2\/pages\/23","targetHints":{"allow":["GET"]}}],"collection":[{"href":"https:\/\/erasmuslaarte.eu\/index.php?rest_route=\/wp\/v2\/pages"}],"about":[{"href":"https:\/\/erasmuslaarte.eu\/index.php?rest_route=\/wp\/v2\/types\/page"}],"author":[{"embeddable":true,"href":"https:\/\/erasmuslaarte.eu\/index.php?rest_route=\/wp\/v2\/users\/1"}],"replies":[{"embeddable":true,"href":"https:\/\/erasmuslaarte.eu\/index.php?rest_route=%2Fwp%2Fv2%2Fcomments&post=23"}],"version-history":[{"count":2,"href":"https:\/\/erasmuslaarte.eu\/index.php?rest_route=\/wp\/v2\/pages\/23\/revisions"}],"predecessor-version":[{"id":44,"href":"https:\/\/erasmuslaarte.eu\/index.php?rest_route=\/wp\/v2\/pages\/23\/revisions\/44"}],"wp:attachment":[{"href":"https:\/\/erasmuslaarte.eu\/index.php?rest_route=%2Fwp%2Fv2%2Fmedia&parent=23"}],"curies":[{"name":"wp","href":"https:\/\/api.w.org\/{rel}","templated":true}]}}